{"id":1064,"date":"2023-10-06T08:41:15","date_gmt":"2023-10-06T07:41:15","guid":{"rendered":"https:\/\/knowledgepoint.com\/autodesk\/?page_id=1064"},"modified":"2024-02-12T07:27:39","modified_gmt":"2024-02-12T07:27:39","slug":"designathon-2023","status":"publish","type":"page","link":"https:\/\/knowledgepoint.com\/autodesk\/designathon-2023\/","title":{"rendered":"Designathon 2023"},"content":{"rendered":"\n<p>Designathon 2023 on 15 &#8211; 16 December was a fantastic experience. We saw students of industrial design and engineering come together to gain digital skills.&nbsp;And, they competed for the honour of being recognised as the best international team in the competition.<\/p>\n\n\n\n<p>The Designathon asked them to respond to a challenge facing communities around the globe, using their modelling and design skills.&nbsp;They were asked to model a product for growing crops with renewable energy.<\/p>\n\n\n\n<h2 class=\"wp-block-heading\">The Winners of Designathon 2023<\/h2>\n\n\n\n<p><strong>1st Place<\/strong><\/p>\n\n\n\n<p><strong>Team Y\u0130NG YANG<\/strong> <strong>from<\/strong> <strong>T\u00fcrkiye<\/strong><\/p>\n\n\n\n<p>Members: Ahmet Kaya and \u00d6mer Ka\u011fan Y\u0131lmaz<\/p>\n\n\n\n<blockquote class=\"wp-block-quote is-layout-flow wp-block-quote-is-layout-flow\">\n<p>This project had one of the most detailed models among the competition entries. It features a design that is tailored to ensure that multiple plants could be stored on shelves but with each plant positioned to maximize exposure to sunlight. <\/p>\n\n\n\n<p>The electronic components, the elements responsible for plant care, and additional components like solar panels have all been modelled in great detail, making full use of Fusion&#8217;s capabilities.<\/p>\n<cite>Designathon Jury<\/cite><\/blockquote>\n\n\n\n<figure class=\"wp-block-gallery has-nested-images columns-default is-cropped wp-block-gallery-1 is-layout-flex wp-block-gallery-is-layout-flex\">\n<figure class=\"wp-block-image size-large\"><img loading=\"lazy\" decoding=\"async\" width=\"1024\" height=\"468\" data-id=\"1175\" src=\"https:\/\/knowledgepoint.com\/autodesk\/corralit\/wp-content\/uploads\/2024\/01\/2-render-1024x468.png\" alt=\"\" class=\"wp-image-1175\" srcset=\"https:\/\/knowledgepoint.com\/autodesk\/corralit\/wp-content\/uploads\/2024\/01\/2-render-1024x468.png 1024w, https:\/\/knowledgepoint.com\/autodesk\/corralit\/wp-content\/uploads\/2024\/01\/2-render-300x137.png 300w, https:\/\/knowledgepoint.com\/autodesk\/corralit\/wp-content\/uploads\/2024\/01\/2-render-768x351.png 768w, https:\/\/knowledgepoint.com\/autodesk\/corralit\/wp-content\/uploads\/2024\/01\/2-render-1536x702.png 1536w, https:\/\/knowledgepoint.com\/autodesk\/corralit\/wp-content\/uploads\/2024\/01\/2-render-1440x658.png 1440w, https:\/\/knowledgepoint.com\/autodesk\/corralit\/wp-content\/uploads\/2024\/01\/2-render.png 1896w\" sizes=\"auto, (max-width: 1024px) 100vw, 1024px\" \/><\/figure>\n\n\n\n<figure class=\"wp-block-image size-large\"><img loading=\"lazy\" decoding=\"async\" width=\"1024\" height=\"566\" data-id=\"1174\" src=\"https:\/\/knowledgepoint.com\/autodesk\/corralit\/wp-content\/uploads\/2024\/01\/2-viewport-view-1024x566.png\" alt=\"\" class=\"wp-image-1174\" srcset=\"https:\/\/knowledgepoint.com\/autodesk\/corralit\/wp-content\/uploads\/2024\/01\/2-viewport-view-1024x566.png 1024w, https:\/\/knowledgepoint.com\/autodesk\/corralit\/wp-content\/uploads\/2024\/01\/2-viewport-view-300x166.png 300w, https:\/\/knowledgepoint.com\/autodesk\/corralit\/wp-content\/uploads\/2024\/01\/2-viewport-view-768x425.png 768w, https:\/\/knowledgepoint.com\/autodesk\/corralit\/wp-content\/uploads\/2024\/01\/2-viewport-view-1440x797.png 1440w, https:\/\/knowledgepoint.com\/autodesk\/corralit\/wp-content\/uploads\/2024\/01\/2-viewport-view.png 1468w\" sizes=\"auto, (max-width: 1024px) 100vw, 1024px\" \/><\/figure>\n<\/figure>\n\n\n\n<figure class=\"wp-block-video\"><video height=\"866\" style=\"aspect-ratio: 1896 \/ 866;\" width=\"1896\" controls src=\"http:\/\/knowledgepoint.com\/autodesk\/corralit\/wp-content\/uploads\/2024\/01\/2-Turntable-1.mp4\"><\/video><\/figure>\n\n\n\n<p>Learn more about team <strong>Y\u0130NG YANG<\/strong> <a href=\"https:\/\/knowledgepoint.com\/autodesk\/engineering-students-from-gazi-university-win-international-design-competition\/\" target=\"_blank\" rel=\"noreferrer noopener\">here<\/a>.<\/p>\n\n\n\n<p><strong>2nd Place<\/strong><\/p>\n\n\n\n<p><strong>Team Titan from Nigeria<\/strong><\/p>\n\n\n\n<p>Members: Kolawole Alao, Oluwaseun ADEYERA, and Julia DARAMOLA<\/p>\n\n\n\n<blockquote class=\"wp-block-quote is-layout-flow wp-block-quote-is-layout-flow\">\n<p>This project was one of our favourites aesthetically. The team applied high attention to details while modelling with Fusion and did a great job in generating photo-realistic renderings.<\/p>\n\n\n\n<p>It was also one of the best projects in terms of portability. Additionally, the team considered the manufacturability of the product in their design.<\/p>\n<cite>Designathon Jury<\/cite><\/blockquote>\n\n\n\n<figure class=\"wp-block-gallery has-nested-images columns-default is-cropped wp-block-gallery-2 is-layout-flex wp-block-gallery-is-layout-flex\">\n<figure class=\"wp-block-image size-large\"><img loading=\"lazy\" decoding=\"async\" width=\"1024\" height=\"468\" data-id=\"1183\" src=\"https:\/\/knowledgepoint.com\/autodesk\/corralit\/wp-content\/uploads\/2024\/01\/3-render-1024x468.png\" alt=\"\" class=\"wp-image-1183\" srcset=\"https:\/\/knowledgepoint.com\/autodesk\/corralit\/wp-content\/uploads\/2024\/01\/3-render-1024x468.png 1024w, https:\/\/knowledgepoint.com\/autodesk\/corralit\/wp-content\/uploads\/2024\/01\/3-render-300x137.png 300w, https:\/\/knowledgepoint.com\/autodesk\/corralit\/wp-content\/uploads\/2024\/01\/3-render-768x351.png 768w, https:\/\/knowledgepoint.com\/autodesk\/corralit\/wp-content\/uploads\/2024\/01\/3-render-1536x702.png 1536w, https:\/\/knowledgepoint.com\/autodesk\/corralit\/wp-content\/uploads\/2024\/01\/3-render-1440x658.png 1440w, https:\/\/knowledgepoint.com\/autodesk\/corralit\/wp-content\/uploads\/2024\/01\/3-render.png 1896w\" sizes=\"auto, (max-width: 1024px) 100vw, 1024px\" \/><\/figure>\n\n\n\n<figure class=\"wp-block-image size-large\"><img loading=\"lazy\" decoding=\"async\" width=\"1024\" height=\"550\" data-id=\"1185\" src=\"https:\/\/knowledgepoint.com\/autodesk\/corralit\/wp-content\/uploads\/2024\/01\/3-Viewport-1024x550.png\" alt=\"\" class=\"wp-image-1185\" srcset=\"https:\/\/knowledgepoint.com\/autodesk\/corralit\/wp-content\/uploads\/2024\/01\/3-Viewport-1024x550.png 1024w, https:\/\/knowledgepoint.com\/autodesk\/corralit\/wp-content\/uploads\/2024\/01\/3-Viewport-300x161.png 300w, https:\/\/knowledgepoint.com\/autodesk\/corralit\/wp-content\/uploads\/2024\/01\/3-Viewport-768x412.png 768w, https:\/\/knowledgepoint.com\/autodesk\/corralit\/wp-content\/uploads\/2024\/01\/3-Viewport-1440x773.png 1440w, https:\/\/knowledgepoint.com\/autodesk\/corralit\/wp-content\/uploads\/2024\/01\/3-Viewport.png 1458w\" sizes=\"auto, (max-width: 1024px) 100vw, 1024px\" \/><\/figure>\n<\/figure>\n\n\n\n<figure class=\"wp-block-video\"><video height=\"866\" style=\"aspect-ratio: 1896 \/ 866;\" width=\"1896\" controls src=\"http:\/\/knowledgepoint.com\/autodesk\/corralit\/wp-content\/uploads\/2024\/01\/3-Turntable.mp4\"><\/video><\/figure>\n\n\n\n<p>Learn more about team <strong>Titan<\/strong> <a href=\"https:\/\/knowledgepoint.com\/autodesk\/design-for-hydroponic-farming-system-draws-plaudits-in-international-student-competition\/\" target=\"_blank\" rel=\"noreferrer noopener\">here<\/a>.<\/p>\n\n\n\n<p><strong>3rd Place<\/strong><\/p>\n\n\n\n<p><strong>Team Concept squad from Tunisia<\/strong><\/p>\n\n\n\n<p>Members: Oussema Benaissa, Emna Ksaier, and Azza Reguigui<\/p>\n\n\n\n<blockquote class=\"wp-block-quote is-layout-flow wp-block-quote-is-layout-flow\">\n<p>This project integrates different ideas in a brilliant way. The system utilizes solar energy to condense humidity in the air and allows for growing plants without the need for soil. <\/p>\n\n\n\n<p>Furthermore, the team has meticulously modelled their ideas, detailing the relationships between components, and using a circular design that enhances the aesthetic appeal of the product.<\/p>\n<cite>Designathon Jury<\/cite><\/blockquote>\n\n\n\n<figure class=\"wp-block-gallery has-nested-images columns-default is-cropped wp-block-gallery-3 is-layout-flex wp-block-gallery-is-layout-flex\">\n<figure class=\"wp-block-image size-large\"><img loading=\"lazy\" decoding=\"async\" width=\"1024\" height=\"389\" data-id=\"1189\" src=\"https:\/\/knowledgepoint.com\/autodesk\/corralit\/wp-content\/uploads\/2024\/01\/1-render-1024x389.png\" alt=\"\" class=\"wp-image-1189\" srcset=\"https:\/\/knowledgepoint.com\/autodesk\/corralit\/wp-content\/uploads\/2024\/01\/1-render-1024x389.png 1024w, https:\/\/knowledgepoint.com\/autodesk\/corralit\/wp-content\/uploads\/2024\/01\/1-render-300x114.png 300w, https:\/\/knowledgepoint.com\/autodesk\/corralit\/wp-content\/uploads\/2024\/01\/1-render-768x292.png 768w, https:\/\/knowledgepoint.com\/autodesk\/corralit\/wp-content\/uploads\/2024\/01\/1-render-1536x584.png 1536w, https:\/\/knowledgepoint.com\/autodesk\/corralit\/wp-content\/uploads\/2024\/01\/1-render-1440x548.png 1440w, https:\/\/knowledgepoint.com\/autodesk\/corralit\/wp-content\/uploads\/2024\/01\/1-render.png 1896w\" sizes=\"auto, (max-width: 1024px) 100vw, 1024px\" \/><\/figure>\n\n\n\n<figure class=\"wp-block-image size-large\"><img loading=\"lazy\" decoding=\"async\" width=\"1024\" height=\"611\" data-id=\"1190\" src=\"https:\/\/knowledgepoint.com\/autodesk\/corralit\/wp-content\/uploads\/2024\/01\/1-viewport-view-1024x611.png\" alt=\"\" class=\"wp-image-1190\" srcset=\"https:\/\/knowledgepoint.com\/autodesk\/corralit\/wp-content\/uploads\/2024\/01\/1-viewport-view-1024x611.png 1024w, https:\/\/knowledgepoint.com\/autodesk\/corralit\/wp-content\/uploads\/2024\/01\/1-viewport-view-300x179.png 300w, https:\/\/knowledgepoint.com\/autodesk\/corralit\/wp-content\/uploads\/2024\/01\/1-viewport-view-768x458.png 768w, https:\/\/knowledgepoint.com\/autodesk\/corralit\/wp-content\/uploads\/2024\/01\/1-viewport-view.png 1348w\" sizes=\"auto, (max-width: 1024px) 100vw, 1024px\" \/><\/figure>\n<\/figure>\n\n\n\n<figure class=\"wp-block-video\"><video height=\"720\" style=\"aspect-ratio: 1896 \/ 720;\" width=\"1896\" controls src=\"http:\/\/knowledgepoint.com\/autodesk\/corralit\/wp-content\/uploads\/2024\/01\/1-Turntable.mp4\"><\/video><\/figure>\n\n\n\n<p>Learn more about team <strong>Concept squad <\/strong><a href=\"https:\/\/knowledgepoint.com\/autodesk\/concept-utilising-condensation-technology-recognised-in-international-student-competition\/\" target=\"_blank\" rel=\"noreferrer noopener\">here<\/a>.<\/p>\n\n\n\n<h2 class=\"wp-block-heading\">What&#8217;s the Autodesk Designathon 2023?<\/h2>\n\n\n\n<ul class=\"wp-block-list\">\n<li>Two-day international online design challenge for engineering and industrial design students<\/li>\n\n\n\n<li>Learn about Autodesk Fusion and key workflows<\/li>\n\n\n\n<li>Compete against other students in the Designathon challenge<\/li>\n\n\n\n<li>Learn and compete as a team (2 &#8211; 3 students)<\/li>\n\n\n\n<li>Prizes and recognition for winning teams<\/li>\n<\/ul>\n\n\n\n<div class=\"wp-block-columns is-layout-flex wp-container-core-columns-is-layout-9d6595d7 wp-block-columns-is-layout-flex\">\n<div class=\"wp-block-column is-layout-flow wp-block-column-is-layout-flow\">\n<p><strong>BOOST YOUR CAREER<\/strong><\/p>\n\n\n\n<p>Learn new 3D design skills and familiarise yourself with Autodesk Fusion, a platform used by manufacturers around the world.&nbsp;Boost your CV and showcase yourself and your designs to our expert panel.<\/p>\n<\/div>\n\n\n\n<div class=\"wp-block-column is-layout-flow wp-block-column-is-layout-flow\">\n<p><strong>KICK-START YOUR FUTURE<\/strong><\/p>\n\n\n\n<p>Not only will you learn valuable skills, there are prizes for the winning teams. This design challenge offers you and your team to get your designs noticed.<\/p>\n<\/div>\n\n\n\n<div class=\"wp-block-column is-layout-flow wp-block-column-is-layout-flow\">\n<p><strong>WORK AS A TEAM<\/strong><\/p>\n\n\n\n<p>Learn how to work as part of a team, a critical skill for any manufacturing setting or design team.&nbsp;Gather a team together and work together to achieve success.<\/p>\n<\/div>\n<\/div>\n\n\n\n<p>Contact the KnowledgePoint team to find out about future Autodesk design competitions and events. <\/p>\n","protected":false},"excerpt":{"rendered":"<p>Designathon 2023 on 15 &#8211; 16 December was a fantastic experience. We saw students of industrial design and engineering come together to gain digital skills.&nbsp;And, they competed for the honour of being recognised as the best international team in the competition. The Designathon asked them to respond to a challenge facing communities around the globe,&#x2026; <\/p>\n<p class=\"more-link-container wp-block-button is-style-outline\"><a href=\"https:\/\/knowledgepoint.com\/autodesk\/designathon-2023\/\" class=\"more-link\">Continue reading <span class=\"screen-reader-text\">Designathon 2023<\/span><\/a><\/p>\n","protected":false},"author":6,"featured_media":1066,"parent":0,"menu_order":0,"comment_status":"closed","ping_status":"closed","template":"","meta":{"_acf_changed":false,"footnotes":""},"tags":[],"class_list":["post-1064","page","type-page","status-publish","has-post-thumbnail","hentry"],"acf":[],"yoast_head":"<!-- This site is optimized with the Yoast SEO plugin v27.1.1 - https:\/\/yoast.com\/product\/yoast-seo-wordpress\/ -->\n<title>Designathon 2023 - KnowledgePoint x Autodesk<\/title>\n<meta name=\"robots\" content=\"index, follow, max-snippet:-1, max-image-preview:large, max-video-preview:-1\" \/>\n<link rel=\"canonical\" href=\"https:\/\/knowledgepoint.com\/autodesk\/designathon-2023\/\" \/>\n<meta property=\"og:locale\" content=\"en_US\" \/>\n<meta property=\"og:type\" content=\"article\" \/>\n<meta property=\"og:title\" content=\"Designathon 2023 - KnowledgePoint x Autodesk\" \/>\n<meta property=\"og:description\" content=\"Designathon 2023 on 15 &#8211; 16 December was a fantastic experience. We saw students of industrial design and engineering come together to gain digital skills.&nbsp;And, they competed for the honour of being recognised as the best international team in the competition. The Designathon asked them to respond to a challenge facing communities around the globe,&#x2026; Continue reading Designathon 2023\" \/>\n<meta property=\"og:url\" content=\"https:\/\/knowledgepoint.com\/autodesk\/designathon-2023\/\" \/>\n<meta property=\"og:site_name\" content=\"KnowledgePoint x Autodesk\" \/>\n<meta property=\"article:modified_time\" content=\"2024-02-12T07:27:39+00:00\" \/>\n<meta property=\"og:image\" content=\"http:\/\/knowledgepoint.com\/autodesk\/corralit\/wp-content\/uploads\/2023\/10\/DVC-workshop-helmet-7139-helmet_with_overlay.jpg\" \/>\n\t<meta property=\"og:image:width\" content=\"2000\" \/>\n\t<meta property=\"og:image:height\" content=\"1500\" \/>\n\t<meta property=\"og:image:type\" content=\"image\/jpeg\" \/>\n<meta name=\"twitter:card\" content=\"summary_large_image\" \/>\n<meta name=\"twitter:label1\" content=\"Est. reading time\" \/>\n\t<meta name=\"twitter:data1\" content=\"3 minutes\" \/>\n<script type=\"application\/ld+json\" class=\"yoast-schema-graph\">{\"@context\":\"https:\/\/schema.org\",\"@graph\":[{\"@type\":\"WebPage\",\"@id\":\"https:\/\/knowledgepoint.com\/autodesk\/designathon-2023\/\",\"url\":\"https:\/\/knowledgepoint.com\/autodesk\/designathon-2023\/\",\"name\":\"Designathon 2023 - KnowledgePoint x Autodesk\",\"isPartOf\":{\"@id\":\"https:\/\/knowledgepoint.com\/autodesk\/#website\"},\"primaryImageOfPage\":{\"@id\":\"https:\/\/knowledgepoint.com\/autodesk\/designathon-2023\/#primaryimage\"},\"image\":{\"@id\":\"https:\/\/knowledgepoint.com\/autodesk\/designathon-2023\/#primaryimage\"},\"thumbnailUrl\":\"https:\/\/knowledgepoint.com\/autodesk\/corralit\/wp-content\/uploads\/2023\/10\/DVC-workshop-helmet-7139-helmet_with_overlay.jpg\",\"datePublished\":\"2023-10-06T07:41:15+00:00\",\"dateModified\":\"2024-02-12T07:27:39+00:00\",\"breadcrumb\":{\"@id\":\"https:\/\/knowledgepoint.com\/autodesk\/designathon-2023\/#breadcrumb\"},\"inLanguage\":\"en-US\",\"potentialAction\":[{\"@type\":\"ReadAction\",\"target\":[\"https:\/\/knowledgepoint.com\/autodesk\/designathon-2023\/\"]}]},{\"@type\":\"ImageObject\",\"inLanguage\":\"en-US\",\"@id\":\"https:\/\/knowledgepoint.com\/autodesk\/designathon-2023\/#primaryimage\",\"url\":\"https:\/\/knowledgepoint.com\/autodesk\/corralit\/wp-content\/uploads\/2023\/10\/DVC-workshop-helmet-7139-helmet_with_overlay.jpg\",\"contentUrl\":\"https:\/\/knowledgepoint.com\/autodesk\/corralit\/wp-content\/uploads\/2023\/10\/DVC-workshop-helmet-7139-helmet_with_overlay.jpg\",\"width\":2000,\"height\":1500},{\"@type\":\"BreadcrumbList\",\"@id\":\"https:\/\/knowledgepoint.com\/autodesk\/designathon-2023\/#breadcrumb\",\"itemListElement\":[{\"@type\":\"ListItem\",\"position\":1,\"name\":\"Home\",\"item\":\"https:\/\/knowledgepoint.com\/autodesk\/\"},{\"@type\":\"ListItem\",\"position\":2,\"name\":\"Designathon 2023\"}]},{\"@type\":\"WebSite\",\"@id\":\"https:\/\/knowledgepoint.com\/autodesk\/#website\",\"url\":\"https:\/\/knowledgepoint.com\/autodesk\/\",\"name\":\"KnowledgePoint x Autodesk\",\"description\":\"KnowledgePoint is the EMEAR Learning Partner Program Distributor for Autodesk Education\",\"potentialAction\":[{\"@type\":\"SearchAction\",\"target\":{\"@type\":\"EntryPoint\",\"urlTemplate\":\"https:\/\/knowledgepoint.com\/autodesk\/?s={search_term_string}\"},\"query-input\":{\"@type\":\"PropertyValueSpecification\",\"valueRequired\":true,\"valueName\":\"search_term_string\"}}],\"inLanguage\":\"en-US\"}]}<\/script>\n<!-- \/ Yoast SEO plugin. -->","yoast_head_json":{"title":"Designathon 2023 - KnowledgePoint x Autodesk","robots":{"index":"index","follow":"follow","max-snippet":"max-snippet:-1","max-image-preview":"max-image-preview:large","max-video-preview":"max-video-preview:-1"},"canonical":"https:\/\/knowledgepoint.com\/autodesk\/designathon-2023\/","og_locale":"en_US","og_type":"article","og_title":"Designathon 2023 - KnowledgePoint x Autodesk","og_description":"Designathon 2023 on 15 &#8211; 16 December was a fantastic experience. We saw students of industrial design and engineering come together to gain digital skills.&nbsp;And, they competed for the honour of being recognised as the best international team in the competition. The Designathon asked them to respond to a challenge facing communities around the globe,&#x2026; Continue reading Designathon 2023","og_url":"https:\/\/knowledgepoint.com\/autodesk\/designathon-2023\/","og_site_name":"KnowledgePoint x Autodesk","article_modified_time":"2024-02-12T07:27:39+00:00","og_image":[{"width":2000,"height":1500,"url":"http:\/\/knowledgepoint.com\/autodesk\/corralit\/wp-content\/uploads\/2023\/10\/DVC-workshop-helmet-7139-helmet_with_overlay.jpg","type":"image\/jpeg"}],"twitter_card":"summary_large_image","twitter_misc":{"Est. reading time":"3 minutes"},"schema":{"@context":"https:\/\/schema.org","@graph":[{"@type":"WebPage","@id":"https:\/\/knowledgepoint.com\/autodesk\/designathon-2023\/","url":"https:\/\/knowledgepoint.com\/autodesk\/designathon-2023\/","name":"Designathon 2023 - KnowledgePoint x Autodesk","isPartOf":{"@id":"https:\/\/knowledgepoint.com\/autodesk\/#website"},"primaryImageOfPage":{"@id":"https:\/\/knowledgepoint.com\/autodesk\/designathon-2023\/#primaryimage"},"image":{"@id":"https:\/\/knowledgepoint.com\/autodesk\/designathon-2023\/#primaryimage"},"thumbnailUrl":"https:\/\/knowledgepoint.com\/autodesk\/corralit\/wp-content\/uploads\/2023\/10\/DVC-workshop-helmet-7139-helmet_with_overlay.jpg","datePublished":"2023-10-06T07:41:15+00:00","dateModified":"2024-02-12T07:27:39+00:00","breadcrumb":{"@id":"https:\/\/knowledgepoint.com\/autodesk\/designathon-2023\/#breadcrumb"},"inLanguage":"en-US","potentialAction":[{"@type":"ReadAction","target":["https:\/\/knowledgepoint.com\/autodesk\/designathon-2023\/"]}]},{"@type":"ImageObject","inLanguage":"en-US","@id":"https:\/\/knowledgepoint.com\/autodesk\/designathon-2023\/#primaryimage","url":"https:\/\/knowledgepoint.com\/autodesk\/corralit\/wp-content\/uploads\/2023\/10\/DVC-workshop-helmet-7139-helmet_with_overlay.jpg","contentUrl":"https:\/\/knowledgepoint.com\/autodesk\/corralit\/wp-content\/uploads\/2023\/10\/DVC-workshop-helmet-7139-helmet_with_overlay.jpg","width":2000,"height":1500},{"@type":"BreadcrumbList","@id":"https:\/\/knowledgepoint.com\/autodesk\/designathon-2023\/#breadcrumb","itemListElement":[{"@type":"ListItem","position":1,"name":"Home","item":"https:\/\/knowledgepoint.com\/autodesk\/"},{"@type":"ListItem","position":2,"name":"Designathon 2023"}]},{"@type":"WebSite","@id":"https:\/\/knowledgepoint.com\/autodesk\/#website","url":"https:\/\/knowledgepoint.com\/autodesk\/","name":"KnowledgePoint x Autodesk","description":"KnowledgePoint is the EMEAR Learning Partner Program Distributor for Autodesk Education","potentialAction":[{"@type":"SearchAction","target":{"@type":"EntryPoint","urlTemplate":"https:\/\/knowledgepoint.com\/autodesk\/?s={search_term_string}"},"query-input":{"@type":"PropertyValueSpecification","valueRequired":true,"valueName":"search_term_string"}}],"inLanguage":"en-US"}]}},"jetpack_sharing_enabled":true,"_links":{"self":[{"href":"https:\/\/knowledgepoint.com\/autodesk\/wp-json\/wp\/v2\/pages\/1064","targetHints":{"allow":["GET"]}}],"collection":[{"href":"https:\/\/knowledgepoint.com\/autodesk\/wp-json\/wp\/v2\/pages"}],"about":[{"href":"https:\/\/knowledgepoint.com\/autodesk\/wp-json\/wp\/v2\/types\/page"}],"author":[{"embeddable":true,"href":"https:\/\/knowledgepoint.com\/autodesk\/wp-json\/wp\/v2\/users\/6"}],"replies":[{"embeddable":true,"href":"https:\/\/knowledgepoint.com\/autodesk\/wp-json\/wp\/v2\/comments?post=1064"}],"version-history":[{"count":29,"href":"https:\/\/knowledgepoint.com\/autodesk\/wp-json\/wp\/v2\/pages\/1064\/revisions"}],"predecessor-version":[{"id":1333,"href":"https:\/\/knowledgepoint.com\/autodesk\/wp-json\/wp\/v2\/pages\/1064\/revisions\/1333"}],"wp:featuredmedia":[{"embeddable":true,"href":"https:\/\/knowledgepoint.com\/autodesk\/wp-json\/wp\/v2\/media\/1066"}],"wp:attachment":[{"href":"https:\/\/knowledgepoint.com\/autodesk\/wp-json\/wp\/v2\/media?parent=1064"}],"wp:term":[{"taxonomy":"post_tag","embeddable":true,"href":"https:\/\/knowledgepoint.com\/autodesk\/wp-json\/wp\/v2\/tags?post=1064"}],"curies":[{"name":"wp","href":"https:\/\/api.w.org\/{rel}","templated":true}]}}